{"id":4400,"date":"2021-10-12T15:51:09","date_gmt":"2021-10-12T15:51:09","guid":{"rendered":"http:\/\/dummy.xtemos.com\/woodmart2\/elementor\/?page_id=4400"},"modified":"2026-02-26T11:37:55","modified_gmt":"2026-02-26T11:37:55","slug":"sobre-pawness","status":"publish","type":"page","link":"https:\/\/mypawness.com\/pt\/sobre-pawness\/","title":{"rendered":"Sobre Pawness"},"content":{"rendered":"<div data-elementor-type=\"wp-page\" data-elementor-id=\"4400\" class=\"elementor elementor-4400\">\n\t\t\t\t<div class=\"wd-negative-gap elementor-element elementor-element-7c7c544 e-flex e-con-boxed e-con e-parent\" data-id=\"7c7c544\" data-element_type=\"container\" data-e-type=\"container\">\n\t\t\t\t\t<div class=\"e-con-inner\">\n\t\t<div class=\"elementor-element elementor-element-e7cb5cd e-con-full e-flex e-con e-child\" data-id=\"e7cb5cd\" data-element_type=\"container\" data-e-type=\"container\">\n\t\t\t\t<div class=\"elementor-element elementor-element-56aec39 elementor-widget elementor-widget-wd_image_or_svg\" data-id=\"56aec39\" data-element_type=\"widget\" data-e-type=\"widget\" data-widget_type=\"wd_image_or_svg.default\">\n\t\t\t\t<div class=\"elementor-widget-container\">\n\t\t\t\t\t\n\t\t<div class=\"wd-image text-left\">\n\t\t\t\t\t\t\t\t<img loading=\"lazy\" decoding=\"async\" width=\"1024\" height=\"1024\" src=\"https:\/\/mypawness.com\/wp-content\/uploads\/2026\/01\/pawness_sobre_nosotros_experiencias_refugio_pausa_cajas.jpg\" class=\"attachment-full size-full\" alt=\"\" srcset=\"https:\/\/mypawness.com\/wp-content\/uploads\/2026\/01\/pawness_sobre_nosotros_experiencias_refugio_pausa_cajas.jpg 1024w, https:\/\/mypawness.com\/wp-content\/uploads\/2026\/01\/pawness_sobre_nosotros_experiencias_refugio_pausa_cajas-300x300.jpg 300w, https:\/\/mypawness.com\/wp-content\/uploads\/2026\/01\/pawness_sobre_nosotros_experiencias_refugio_pausa_cajas-800x800.jpg 800w, https:\/\/mypawness.com\/wp-content\/uploads\/2026\/01\/pawness_sobre_nosotros_experiencias_refugio_pausa_cajas-150x150.jpg 150w, https:\/\/mypawness.com\/wp-content\/uploads\/2026\/01\/pawness_sobre_nosotros_experiencias_refugio_pausa_cajas-768x768.jpg 768w, https:\/\/mypawness.com\/wp-content\/uploads\/2026\/01\/pawness_sobre_nosotros_experiencias_refugio_pausa_cajas-430x430.jpg 430w, https:\/\/mypawness.com\/wp-content\/uploads\/2026\/01\/pawness_sobre_nosotros_experiencias_refugio_pausa_cajas-700x700.jpg 700w\" sizes=\"auto, (max-width: 1024px) 100vw, 1024px\" \/>\t\t\t\t\t<\/div>\n\n\t\t\t\t\t\t<\/div>\n\t\t\t\t<\/div>\n\t\t\t\t<\/div>\n\t\t<div class=\"elementor-element elementor-element-97d6084 e-con-full e-flex e-con e-child\" data-id=\"97d6084\" data-element_type=\"container\" data-e-type=\"container\">\n\t\t\t\t<div class=\"elementor-element elementor-element-98d830b wd-width-100 elementor-widget elementor-widget-wd_title\" data-id=\"98d830b\" data-element_type=\"widget\" data-e-type=\"widget\" data-widget_type=\"wd_title.default\">\n\t\t\t\t<div class=\"elementor-widget-container\">\n\t\t\t\t\t\t\t<div class=\"title-wrapper wd-set-mb reset-last-child wd-title-color-primary wd-title-style-default wd-title-size-large text-left\">\n\n\t\t\t\n\t\t\t<div class=\"liner-continer\">\n\t\t\t\t<h4 class=\"woodmart-title-container title wd-fontsize-xxl\"><\/h4> \n\t\t\t\t\t\t\t<\/div>\n\n\t\t\t\t\t\t\t<div class=\"title-after_title reset-last-child wd-fontsize-s\">\n\t\t\t\t\t<p>En Pawness creemos en los peque\u00f1os gestos.<br \/>En esos momentos cotidianos que, sin hacer ruido, se convierten en recuerdos.<\/p>\t\t\t\t<\/div>\n\t\t\t\t\t<\/div>\n\t\t\t\t\t\t<\/div>\n\t\t\t\t<\/div>\n\t\t\t\t<div class=\"elementor-element elementor-element-66e47ad elementor-widget elementor-widget-wd_text_block\" data-id=\"66e47ad\" data-element_type=\"widget\" data-e-type=\"widget\" data-widget_type=\"wd_text_block.default\">\n\t\t\t\t<div class=\"elementor-widget-container\">\n\t\t\t\t\t\t\t<div class=\"wd-text-block reset-last-child text-left\">\n\t\t\t\n\t\t\t<p>Nacemos de una idea sencilla: compartir tiempo de calidad con quienes forman parte de nuestra vida, nuestros perros, que siempre est\u00e1n ah\u00ed. Sin prisas. Sin exigencias. Solo presencia.<\/p><p>Creamos cajas pensadas para disfrutar, para acompa\u00f1ar un caf\u00e9, una infusi\u00f3n, una pausa tranquila en casa.<br \/>Mientras nuestros perros juegan, descansan o simplemente est\u00e1n a nuestro lado.<\/p><p>Cada producto est\u00e1 elegido con cuidado:<br \/>ingredientes naturales, marcas honestas, objetos que suman y no sobran. Nada est\u00e1 ah\u00ed por casualidad.<\/p><p>No buscamos momentos perfectos.<br \/>Creamos momentos reales.<\/p><p>Pawness es regalar(te) una experiencia. Es crear refugios cotidianos, es\u00a0volver a lo simple.<\/p><p>Peque\u00f1os gestos. Grandes conexiones.<\/p>\n\t\t\t\t\t<\/div>\n\t\t\t\t\t\t<\/div>\n\t\t\t\t<\/div>\n\t\t\t\t<\/div>\n\t\t\t\t\t<\/div>\n\t\t\t\t<\/div>\n\t\t<div class=\"wd-negative-gap elementor-element elementor-element-8481c26 e-flex e-con-boxed e-con e-parent\" data-id=\"8481c26\" data-element_type=\"container\" data-e-type=\"container\">\n\t\t\t\t\t<div class=\"e-con-inner\">\n\t\t\t\t<div class=\"elementor-element elementor-element-d66a211 wd-width-100 elementor-widget elementor-widget-wd_title\" data-id=\"d66a211\" data-element_type=\"widget\" data-e-type=\"widget\" data-widget_type=\"wd_title.default\">\n\t\t\t\t<div class=\"elementor-widget-container\">\n\t\t\t\t\t\t\t<div class=\"title-wrapper wd-set-mb reset-last-child wd-title-color-primary wd-title-style-default wd-title-size-large text-center\">\n\n\t\t\t\n\t\t\t<div class=\"liner-continer\">\n\t\t\t\t<h4 class=\"woodmart-title-container title wd-fontsize-xxl\">\u00a1Nuestras cajas!<\/h4> \n\t\t\t\t\t\t\t<\/div>\n\n\t\t\t\t\t\t\t<div class=\"title-after_title reset-last-child wd-fontsize-s\">\n\t\t\t\t\t<p>Momentos tranquilos, juegos compartidos y mordisqueos felices.<\/p>\t\t\t\t<\/div>\n\t\t\t\t\t<\/div>\n\t\t\t\t\t\t<\/div>\n\t\t\t\t<\/div>\n\t\t\t\t\t<\/div>\n\t\t\t\t<\/div>\n\t\t<div class=\"wd-negative-gap elementor-element elementor-element-07647e4 e-flex e-con-boxed e-con e-parent\" data-id=\"07647e4\" data-element_type=\"container\" data-e-type=\"container\">\n\t\t\t\t\t<div class=\"e-con-inner\">\n\t\t\t\t<div class=\"elementor-element elementor-element-ff0ffd5 gallery-spacing-custom elementor-widget elementor-widget-image-gallery\" data-id=\"ff0ffd5\" data-element_type=\"widget\" data-e-type=\"widget\" data-widget_type=\"image-gallery.default\">\n\t\t\t\t\t\t\t<div class=\"elementor-image-gallery\">\n\t\t\t\n\t\t<style type=\"text\/css\">\n\t\t\t#gallery-1 {\n\t\t\t\tmargin: auto;\n\t\t\t}\n\t\t\t#gallery-1 .gallery-item {\n\t\t\t\tfloat: left;\n\t\t\t\tmargin-top: 10px;\n\t\t\t\ttext-align: center;\n\t\t\t\twidth: 25%;\n\t\t\t}\n\t\t\t#gallery-1 img {\n\t\t\t\tborder: 2px solid #cfcfcf;\n\t\t\t}\n\t\t\t#gallery-1 .gallery-caption {\n\t\t\t\tmargin-left: 0;\n\t\t\t}\n\t\t\t\/* see gallery_shortcode() in wp-includes\/media.php *\/\n\t\t<\/style>\n\t\t<div id='gallery-1' class='gallery galleryid-4400 gallery-columns-4 gallery-size-medium'><dl class='gallery-item'>\n\t\t\t<dt class='gallery-icon landscape'>\n\t\t\t\t<img loading=\"lazy\" decoding=\"async\" width=\"400\" height=\"267\" src=\"https:\/\/mypawness.com\/wp-content\/uploads\/2026\/02\/Chico-y-Lori-My-Pawness-400x267.jpg\" class=\"attachment-medium size-medium\" alt=\"\" aria-describedby=\"gallery-1-30180\" srcset=\"https:\/\/mypawness.com\/wp-content\/uploads\/2026\/02\/Chico-y-Lori-My-Pawness-400x267.jpg 400w, https:\/\/mypawness.com\/wp-content\/uploads\/2026\/02\/Chico-y-Lori-My-Pawness-18x12.jpg 18w, https:\/\/mypawness.com\/wp-content\/uploads\/2026\/02\/Chico-y-Lori-My-Pawness-430x287.jpg 430w, https:\/\/mypawness.com\/wp-content\/uploads\/2026\/02\/Chico-y-Lori-My-Pawness-150x100.jpg 150w, https:\/\/mypawness.com\/wp-content\/uploads\/2026\/02\/Chico-y-Lori-My-Pawness.jpg 600w\" sizes=\"auto, (max-width: 400px) 100vw, 400px\" \/>\n\t\t\t<\/dt>\n\t\t\t\t<dd class='wp-caption-text gallery-caption' id='gallery-1-30180'>\n\t\t\t\tChico y Lori | Caja Pausa\n\t\t\t\t<\/dd><\/dl><dl class='gallery-item'>\n\t\t\t<dt class='gallery-icon landscape'>\n\t\t\t\t<img loading=\"lazy\" decoding=\"async\" width=\"400\" height=\"267\" src=\"https:\/\/mypawness.com\/wp-content\/uploads\/2026\/02\/Bruno-Hierro-caja-refugio-mypawness-400x267.jpg\" class=\"attachment-medium size-medium\" alt=\"\" aria-describedby=\"gallery-1-30178\" srcset=\"https:\/\/mypawness.com\/wp-content\/uploads\/2026\/02\/Bruno-Hierro-caja-refugio-mypawness-400x267.jpg 400w, https:\/\/mypawness.com\/wp-content\/uploads\/2026\/02\/Bruno-Hierro-caja-refugio-mypawness-18x12.jpg 18w, https:\/\/mypawness.com\/wp-content\/uploads\/2026\/02\/Bruno-Hierro-caja-refugio-mypawness-430x287.jpg 430w, https:\/\/mypawness.com\/wp-content\/uploads\/2026\/02\/Bruno-Hierro-caja-refugio-mypawness-150x100.jpg 150w, https:\/\/mypawness.com\/wp-content\/uploads\/2026\/02\/Bruno-Hierro-caja-refugio-mypawness.jpg 600w\" sizes=\"auto, (max-width: 400px) 100vw, 400px\" \/>\n\t\t\t<\/dt>\n\t\t\t\t<dd class='wp-caption-text gallery-caption' id='gallery-1-30178'>\n\t\t\t\tBruno y Hierro | Caja Refugio\n\t\t\t\t<\/dd><\/dl><dl class='gallery-item'>\n\t\t\t<dt class='gallery-icon landscape'>\n\t\t\t\t<img loading=\"lazy\" decoding=\"async\" width=\"400\" height=\"267\" src=\"https:\/\/mypawness.com\/wp-content\/uploads\/2026\/02\/Wallati-pausa-mypawness-400x267.jpg\" class=\"attachment-medium size-medium\" alt=\"\" aria-describedby=\"gallery-1-30181\" srcset=\"https:\/\/mypawness.com\/wp-content\/uploads\/2026\/02\/Wallati-pausa-mypawness-400x267.jpg 400w, https:\/\/mypawness.com\/wp-content\/uploads\/2026\/02\/Wallati-pausa-mypawness-18x12.jpg 18w, https:\/\/mypawness.com\/wp-content\/uploads\/2026\/02\/Wallati-pausa-mypawness-430x287.jpg 430w, https:\/\/mypawness.com\/wp-content\/uploads\/2026\/02\/Wallati-pausa-mypawness-150x100.jpg 150w, https:\/\/mypawness.com\/wp-content\/uploads\/2026\/02\/Wallati-pausa-mypawness.jpg 600w\" sizes=\"auto, (max-width: 400px) 100vw, 400px\" \/>\n\t\t\t<\/dt>\n\t\t\t\t<dd class='wp-caption-text gallery-caption' id='gallery-1-30181'>\n\t\t\t\tWallati | Caja Pausa\n\t\t\t\t<\/dd><\/dl><dl class='gallery-item'>\n\t\t\t<dt class='gallery-icon landscape'>\n\t\t\t\t<img loading=\"lazy\" decoding=\"async\" width=\"400\" height=\"267\" src=\"https:\/\/mypawness.com\/wp-content\/uploads\/2026\/02\/Suma-Mypawness-400x267.jpg\" class=\"attachment-medium size-medium\" alt=\"\" aria-describedby=\"gallery-1-30182\" srcset=\"https:\/\/mypawness.com\/wp-content\/uploads\/2026\/02\/Suma-Mypawness-400x267.jpg 400w, https:\/\/mypawness.com\/wp-content\/uploads\/2026\/02\/Suma-Mypawness-18x12.jpg 18w, https:\/\/mypawness.com\/wp-content\/uploads\/2026\/02\/Suma-Mypawness-430x287.jpg 430w, https:\/\/mypawness.com\/wp-content\/uploads\/2026\/02\/Suma-Mypawness-150x100.jpg 150w, https:\/\/mypawness.com\/wp-content\/uploads\/2026\/02\/Suma-Mypawness.jpg 600w\" sizes=\"auto, (max-width: 400px) 100vw, 400px\" \/>\n\t\t\t<\/dt>\n\t\t\t\t<dd class='wp-caption-text gallery-caption' id='gallery-1-30182'>\n\t\t\t\tSuma | Caja Refugio\n\t\t\t\t<\/dd><\/dl><br style=\"clear: both\" \/>\n\t\t<\/div>\n\t\t<\/div>\n\t\t\t\t\t\t<\/div>\n\t\t\t\t\t<\/div>\n\t\t\t\t<\/div>\n\t\t\t\t<\/div>","protected":false},"excerpt":{"rendered":"<p>En Pawness creemos en los peque\u00f1os gestos.En esos momentos cotidianos que, sin hacer ruido, se convierten en recuerdos. Nacemos de<\/p>","protected":false},"author":1,"featured_media":0,"parent":0,"menu_order":0,"comment_status":"closed","ping_status":"closed","template":"","meta":{"footnotes":""},"class_list":["post-4400","page","type-page","status-publish","hentry"],"yoast_head":"<!-- This site is optimized with the Yoast SEO plugin v27.4 - https:\/\/yoast.com\/product\/yoast-seo-wordpress\/ -->\n<title>Sobre Nosotros | MyPawness \u2013 Cajas regalo para ti y tu mascota<\/title>\n<meta name=\"description\" content=\"En MyPawness creamos cajas regalo que convierten el cuidado diario en experiencias compartidas entre t\u00fa y tu compa\u00f1ero peludo.\" \/>\n<meta name=\"robots\" content=\"index, follow, max-snippet:-1, max-image-preview:large, max-video-preview:-1\" \/>\n<link rel=\"canonical\" href=\"https:\/\/mypawness.com\/pt\/sobre-pawness\/\" \/>\n<meta property=\"og:locale\" content=\"pt_PT\" \/>\n<meta property=\"og:type\" content=\"article\" \/>\n<meta property=\"og:title\" content=\"Sobre Nosotros | MyPawness \u2013 Cajas regalo para ti y tu mascota\" \/>\n<meta property=\"og:description\" content=\"En MyPawness creamos cajas regalo que convierten el cuidado diario en experiencias compartidas entre t\u00fa y tu compa\u00f1ero peludo.\" \/>\n<meta property=\"og:url\" content=\"https:\/\/mypawness.com\/pt\/sobre-pawness\/\" \/>\n<meta property=\"og:site_name\" content=\"My Pawness\" \/>\n<meta property=\"article:publisher\" content=\"https:\/\/www.instagram.com\/mypawness\" \/>\n<meta property=\"article:modified_time\" content=\"2026-02-26T11:37:55+00:00\" \/>\n<meta property=\"og:image\" content=\"https:\/\/mypawness.com\/wp-content\/uploads\/2026\/01\/pawness_sobre_nosotros_experiencias_refugio_pausa_cajas.jpg\" \/>\n<meta name=\"twitter:card\" content=\"summary_large_image\" \/>\n<meta name=\"twitter:label1\" content=\"Tempo estimado de leitura\" \/>\n\t<meta name=\"twitter:data1\" content=\"1 minuto\" \/>\n<script type=\"application\/ld+json\" class=\"yoast-schema-graph\">{\"@context\":\"https:\\\/\\\/schema.org\",\"@graph\":[{\"@type\":\"WebPage\",\"@id\":\"https:\\\/\\\/mypawness.com\\\/sobre-pawness\\\/\",\"url\":\"https:\\\/\\\/mypawness.com\\\/sobre-pawness\\\/\",\"name\":\"Sobre Nosotros | MyPawness \u2013 Cajas regalo para ti y tu mascota\",\"isPartOf\":{\"@id\":\"https:\\\/\\\/mypawness.com\\\/#website\"},\"primaryImageOfPage\":{\"@id\":\"https:\\\/\\\/mypawness.com\\\/sobre-pawness\\\/#primaryimage\"},\"image\":{\"@id\":\"https:\\\/\\\/mypawness.com\\\/sobre-pawness\\\/#primaryimage\"},\"thumbnailUrl\":\"https:\\\/\\\/mypawness.com\\\/wp-content\\\/uploads\\\/2026\\\/01\\\/pawness_sobre_nosotros_experiencias_refugio_pausa_cajas.jpg\",\"datePublished\":\"2021-10-12T15:51:09+00:00\",\"dateModified\":\"2026-02-26T11:37:55+00:00\",\"description\":\"En MyPawness creamos cajas regalo que convierten el cuidado diario en experiencias compartidas entre t\u00fa y tu compa\u00f1ero peludo.\",\"breadcrumb\":{\"@id\":\"https:\\\/\\\/mypawness.com\\\/sobre-pawness\\\/#breadcrumb\"},\"inLanguage\":\"pt-PT\",\"potentialAction\":[{\"@type\":\"ReadAction\",\"target\":[\"https:\\\/\\\/mypawness.com\\\/sobre-pawness\\\/\"]}]},{\"@type\":\"ImageObject\",\"inLanguage\":\"pt-PT\",\"@id\":\"https:\\\/\\\/mypawness.com\\\/sobre-pawness\\\/#primaryimage\",\"url\":\"https:\\\/\\\/mypawness.com\\\/wp-content\\\/uploads\\\/2026\\\/01\\\/pawness_sobre_nosotros_experiencias_refugio_pausa_cajas.jpg\",\"contentUrl\":\"https:\\\/\\\/mypawness.com\\\/wp-content\\\/uploads\\\/2026\\\/01\\\/pawness_sobre_nosotros_experiencias_refugio_pausa_cajas.jpg\"},{\"@type\":\"BreadcrumbList\",\"@id\":\"https:\\\/\\\/mypawness.com\\\/sobre-pawness\\\/#breadcrumb\",\"itemListElement\":[{\"@type\":\"ListItem\",\"position\":1,\"name\":\"Portada\",\"item\":\"https:\\\/\\\/mypawness.com\\\/\"},{\"@type\":\"ListItem\",\"position\":2,\"name\":\"Sobre Pawness\"}]},{\"@type\":\"WebSite\",\"@id\":\"https:\\\/\\\/mypawness.com\\\/#website\",\"url\":\"https:\\\/\\\/mypawness.com\\\/\",\"name\":\"Pawness\",\"description\":\"Para quienes disfrutan los peque\u00f1os momentos junto a su mascota.\",\"publisher\":{\"@id\":\"https:\\\/\\\/mypawness.com\\\/#organization\"},\"potentialAction\":[{\"@type\":\"SearchAction\",\"target\":{\"@type\":\"EntryPoint\",\"urlTemplate\":\"https:\\\/\\\/mypawness.com\\\/?s={search_term_string}\"},\"query-input\":{\"@type\":\"PropertyValueSpecification\",\"valueRequired\":true,\"valueName\":\"search_term_string\"}}],\"inLanguage\":\"pt-PT\"},{\"@type\":\"Organization\",\"@id\":\"https:\\\/\\\/mypawness.com\\\/#organization\",\"name\":\"Pawness\",\"url\":\"https:\\\/\\\/mypawness.com\\\/\",\"logo\":{\"@type\":\"ImageObject\",\"inLanguage\":\"pt-PT\",\"@id\":\"https:\\\/\\\/mypawness.com\\\/#\\\/schema\\\/logo\\\/image\\\/\",\"url\":\"https:\\\/\\\/mypawness.com\\\/wp-content\\\/uploads\\\/2025\\\/12\\\/pawness_logo.png\",\"contentUrl\":\"https:\\\/\\\/mypawness.com\\\/wp-content\\\/uploads\\\/2025\\\/12\\\/pawness_logo.png\",\"width\":351,\"height\":178,\"caption\":\"Pawness\"},\"image\":{\"@id\":\"https:\\\/\\\/mypawness.com\\\/#\\\/schema\\\/logo\\\/image\\\/\"},\"sameAs\":[\"https:\\\/\\\/www.instagram.com\\\/mypawness\"]}]}<\/script>\n<!-- \/ Yoast SEO plugin. -->","yoast_head_json":{"title":"Sobre Nosotros | MyPawness \u2013 Cajas regalo para ti y tu mascota","description":"En MyPawness creamos cajas regalo que convierten el cuidado diario en experiencias compartidas entre t\u00fa y tu compa\u00f1ero peludo.","robots":{"index":"index","follow":"follow","max-snippet":"max-snippet:-1","max-image-preview":"max-image-preview:large","max-video-preview":"max-video-preview:-1"},"canonical":"https:\/\/mypawness.com\/pt\/sobre-pawness\/","og_locale":"pt_PT","og_type":"article","og_title":"Sobre Nosotros | MyPawness \u2013 Cajas regalo para ti y tu mascota","og_description":"En MyPawness creamos cajas regalo que convierten el cuidado diario en experiencias compartidas entre t\u00fa y tu compa\u00f1ero peludo.","og_url":"https:\/\/mypawness.com\/pt\/sobre-pawness\/","og_site_name":"My Pawness","article_publisher":"https:\/\/www.instagram.com\/mypawness","article_modified_time":"2026-02-26T11:37:55+00:00","og_image":[{"url":"https:\/\/mypawness.com\/wp-content\/uploads\/2026\/01\/pawness_sobre_nosotros_experiencias_refugio_pausa_cajas.jpg","type":"","width":"","height":""}],"twitter_card":"summary_large_image","twitter_misc":{"Tempo estimado de leitura":"1 minuto"},"schema":{"@context":"https:\/\/schema.org","@graph":[{"@type":"WebPage","@id":"https:\/\/mypawness.com\/sobre-pawness\/","url":"https:\/\/mypawness.com\/sobre-pawness\/","name":"Sobre Nosotros | MyPawness \u2013 Cajas regalo para ti y tu mascota","isPartOf":{"@id":"https:\/\/mypawness.com\/#website"},"primaryImageOfPage":{"@id":"https:\/\/mypawness.com\/sobre-pawness\/#primaryimage"},"image":{"@id":"https:\/\/mypawness.com\/sobre-pawness\/#primaryimage"},"thumbnailUrl":"https:\/\/mypawness.com\/wp-content\/uploads\/2026\/01\/pawness_sobre_nosotros_experiencias_refugio_pausa_cajas.jpg","datePublished":"2021-10-12T15:51:09+00:00","dateModified":"2026-02-26T11:37:55+00:00","description":"En MyPawness creamos cajas regalo que convierten el cuidado diario en experiencias compartidas entre t\u00fa y tu compa\u00f1ero peludo.","breadcrumb":{"@id":"https:\/\/mypawness.com\/sobre-pawness\/#breadcrumb"},"inLanguage":"pt-PT","potentialAction":[{"@type":"ReadAction","target":["https:\/\/mypawness.com\/sobre-pawness\/"]}]},{"@type":"ImageObject","inLanguage":"pt-PT","@id":"https:\/\/mypawness.com\/sobre-pawness\/#primaryimage","url":"https:\/\/mypawness.com\/wp-content\/uploads\/2026\/01\/pawness_sobre_nosotros_experiencias_refugio_pausa_cajas.jpg","contentUrl":"https:\/\/mypawness.com\/wp-content\/uploads\/2026\/01\/pawness_sobre_nosotros_experiencias_refugio_pausa_cajas.jpg"},{"@type":"BreadcrumbList","@id":"https:\/\/mypawness.com\/sobre-pawness\/#breadcrumb","itemListElement":[{"@type":"ListItem","position":1,"name":"Portada","item":"https:\/\/mypawness.com\/"},{"@type":"ListItem","position":2,"name":"Sobre Pawness"}]},{"@type":"WebSite","@id":"https:\/\/mypawness.com\/#website","url":"https:\/\/mypawness.com\/","name":"Pawness","description":"Para quienes disfrutan los peque\u00f1os momentos junto a su mascota.","publisher":{"@id":"https:\/\/mypawness.com\/#organization"},"potentialAction":[{"@type":"SearchAction","target":{"@type":"EntryPoint","urlTemplate":"https:\/\/mypawness.com\/?s={search_term_string}"},"query-input":{"@type":"PropertyValueSpecification","valueRequired":true,"valueName":"search_term_string"}}],"inLanguage":"pt-PT"},{"@type":"Organization","@id":"https:\/\/mypawness.com\/#organization","name":"Pawness","url":"https:\/\/mypawness.com\/","logo":{"@type":"ImageObject","inLanguage":"pt-PT","@id":"https:\/\/mypawness.com\/#\/schema\/logo\/image\/","url":"https:\/\/mypawness.com\/wp-content\/uploads\/2025\/12\/pawness_logo.png","contentUrl":"https:\/\/mypawness.com\/wp-content\/uploads\/2025\/12\/pawness_logo.png","width":351,"height":178,"caption":"Pawness"},"image":{"@id":"https:\/\/mypawness.com\/#\/schema\/logo\/image\/"},"sameAs":["https:\/\/www.instagram.com\/mypawness"]}]}},"jetpack_sharing_enabled":true,"_links":{"self":[{"href":"https:\/\/mypawness.com\/pt\/wp-json\/wp\/v2\/pages\/4400","targetHints":{"allow":["GET"]}}],"collection":[{"href":"https:\/\/mypawness.com\/pt\/wp-json\/wp\/v2\/pages"}],"about":[{"href":"https:\/\/mypawness.com\/pt\/wp-json\/wp\/v2\/types\/page"}],"author":[{"embeddable":true,"href":"https:\/\/mypawness.com\/pt\/wp-json\/wp\/v2\/users\/1"}],"replies":[{"embeddable":true,"href":"https:\/\/mypawness.com\/pt\/wp-json\/wp\/v2\/comments?post=4400"}],"version-history":[{"count":40,"href":"https:\/\/mypawness.com\/pt\/wp-json\/wp\/v2\/pages\/4400\/revisions"}],"predecessor-version":[{"id":30194,"href":"https:\/\/mypawness.com\/pt\/wp-json\/wp\/v2\/pages\/4400\/revisions\/30194"}],"wp:attachment":[{"href":"https:\/\/mypawness.com\/pt\/wp-json\/wp\/v2\/media?parent=4400"}],"curies":[{"name":"wp","href":"https:\/\/api.w.org\/{rel}","templated":true}]}}