{"id":30265,"date":"2026-03-05T17:48:28","date_gmt":"2026-03-05T17:48:28","guid":{"rendered":"https:\/\/mypawness.com\/?page_id=30265"},"modified":"2026-03-05T17:59:11","modified_gmt":"2026-03-05T17:59:11","slug":"gastos-de-envio","status":"publish","type":"page","link":"https:\/\/mypawness.com\/pt\/gastos-de-envio\/","title":{"rendered":"Gastos de env\u00edo"},"content":{"rendered":"<div data-elementor-type=\"wp-page\" data-elementor-id=\"30265\" class=\"elementor elementor-30265\">\n\t\t\t\t<div class=\"wd-negative-gap elementor-element elementor-element-ce19340 e-flex e-con-boxed e-con e-parent\" data-id=\"ce19340\" data-element_type=\"container\" data-e-type=\"container\">\n\t\t\t\t\t<div class=\"e-con-inner\">\n\t\t\t\t<div class=\"elementor-element elementor-element-18a57ce elementor-widget elementor-widget-wd_text_block\" data-id=\"18a57ce\" data-element_type=\"widget\" data-e-type=\"widget\" data-widget_type=\"wd_text_block.default\">\n\t\t\t\t<div class=\"elementor-widget-container\">\n\t\t\t\t\t\t\t<div class=\"wd-text-block reset-last-child text-left\">\n\t\t\t\n\t\t\t<h5>En MyPawness queremos que lo tengas f\u00e1cil: el env\u00edo est\u00e1 incluido, as\u00ed que no tendr\u00e1s cargos extra por transporte al finalizar tu compra \ud83d\udc9b<\/h5><h4>\u00bfC\u00f3mo verlo durante la compra?<\/h4><p>Si quieres comprobarlo en tu pedido, puedes simular la compra as\u00ed:<\/p><ul><li>A\u00f1ade a la cesta la caja o productos que deseas comprar.<\/li><li>Ve a Finalizar compra e indica el destino del env\u00edo (c\u00f3digo postal o direcci\u00f3n).<\/li><\/ul><p>Autom\u00e1ticamente ver\u00e1s que los gastos de env\u00edo aparecen incluidos dentro del total.<\/p><h4>Env\u00edos con MRW<\/h4><p>Trabajamos con MRW para que tu caja llegue r\u00e1pido y en perfectas condiciones.<\/p><h4>Plazos estimados de entrega<\/h4><ul><li>Pedidos realizados antes de las 13:00 \u2192 entrega en 24h<\/li><li>Pedidos realizados despu\u00e9s de las 13:00 \u2192 entrega 48h<\/li><\/ul><p>En periodos de alta demanda o por causas log\u00edsticas puntuales, podr\u00eda haber alguna excepci\u00f3n, pero haremos todo lo posible para que llegue cuanto antes.<\/p><h4>\u00bfD\u00f3nde consultar el estado del env\u00edo?<\/h4><p>Cuando tu pedido salga de nuestro centro de preparaci\u00f3n, recibir\u00e1s un email con la confirmaci\u00f3n y, si aplica, la informaci\u00f3n de seguimiento.<\/p><p>Si necesitas ayuda, escr\u00edbenos y lo revisamos contigo.<\/p>\n\t\t\t\t\t<\/div>\n\t\t\t\t\t\t<\/div>\n\t\t\t\t<\/div>\n\t\t\t\t\t<\/div>\n\t\t\t\t<\/div>\n\t\t\t\t<\/div>","protected":false},"excerpt":{"rendered":"<p>En MyPawness queremos que lo tengas f\u00e1cil: el env\u00edo est\u00e1 incluido, as\u00ed que no tendr\u00e1s cargos extra por transporte al<\/p>","protected":false},"author":1,"featured_media":0,"parent":0,"menu_order":0,"comment_status":"closed","ping_status":"closed","template":"elementor_header_footer","meta":{"footnotes":""},"class_list":["post-30265","page","type-page","status-publish","hentry"],"yoast_head":"<!-- This site is optimized with the Yoast SEO plugin v27.4 - https:\/\/yoast.com\/product\/yoast-seo-wordpress\/ -->\n<title>Gastos de env\u00edo - My Pawness<\/title>\n<meta name=\"robots\" content=\"noindex, nofollow\" \/>\n<meta property=\"og:locale\" content=\"pt_PT\" \/>\n<meta property=\"og:type\" content=\"article\" \/>\n<meta property=\"og:title\" content=\"Gastos de env\u00edo - My Pawness\" \/>\n<meta property=\"og:description\" content=\"En MyPawness queremos que lo tengas f\u00e1cil: el env\u00edo est\u00e1 incluido, as\u00ed que no tendr\u00e1s cargos extra por transporte al\" \/>\n<meta property=\"og:url\" content=\"https:\/\/mypawness.com\/pt\/gastos-de-envio\/\" \/>\n<meta property=\"og:site_name\" content=\"My Pawness\" \/>\n<meta property=\"article:publisher\" content=\"https:\/\/www.instagram.com\/mypawness\" \/>\n<meta property=\"article:modified_time\" content=\"2026-03-05T17:59:11+00:00\" \/>\n<meta property=\"og:image\" content=\"https:\/\/mypawness.com\/wp-content\/uploads\/2026\/01\/caja_pawness_cerrada_regalo_caja-regalo.jpg\" \/>\n\t<meta property=\"og:image:width\" content=\"1024\" \/>\n\t<meta property=\"og:image:height\" content=\"1316\" \/>\n\t<meta property=\"og:image:type\" content=\"image\/jpeg\" \/>\n<meta name=\"twitter:card\" content=\"summary_large_image\" \/>\n<meta name=\"twitter:label1\" content=\"Tempo estimado de leitura\" \/>\n\t<meta name=\"twitter:data1\" content=\"1 minuto\" \/>\n<script type=\"application\/ld+json\" class=\"yoast-schema-graph\">{\"@context\":\"https:\\\/\\\/schema.org\",\"@graph\":[{\"@type\":\"WebPage\",\"@id\":\"https:\\\/\\\/mypawness.com\\\/gastos-de-envio\\\/\",\"url\":\"https:\\\/\\\/mypawness.com\\\/gastos-de-envio\\\/\",\"name\":\"Gastos de env\u00edo - My Pawness\",\"isPartOf\":{\"@id\":\"https:\\\/\\\/mypawness.com\\\/#website\"},\"datePublished\":\"2026-03-05T17:48:28+00:00\",\"dateModified\":\"2026-03-05T17:59:11+00:00\",\"breadcrumb\":{\"@id\":\"https:\\\/\\\/mypawness.com\\\/gastos-de-envio\\\/#breadcrumb\"},\"inLanguage\":\"pt-PT\",\"potentialAction\":[{\"@type\":\"ReadAction\",\"target\":[\"https:\\\/\\\/mypawness.com\\\/gastos-de-envio\\\/\"]}]},{\"@type\":\"BreadcrumbList\",\"@id\":\"https:\\\/\\\/mypawness.com\\\/gastos-de-envio\\\/#breadcrumb\",\"itemListElement\":[{\"@type\":\"ListItem\",\"position\":1,\"name\":\"Portada\",\"item\":\"https:\\\/\\\/mypawness.com\\\/\"},{\"@type\":\"ListItem\",\"position\":2,\"name\":\"Gastos de env\u00edo\"}]},{\"@type\":\"WebSite\",\"@id\":\"https:\\\/\\\/mypawness.com\\\/#website\",\"url\":\"https:\\\/\\\/mypawness.com\\\/\",\"name\":\"Pawness\",\"description\":\"Para quienes disfrutan los peque\u00f1os momentos junto a su mascota.\",\"publisher\":{\"@id\":\"https:\\\/\\\/mypawness.com\\\/#organization\"},\"potentialAction\":[{\"@type\":\"SearchAction\",\"target\":{\"@type\":\"EntryPoint\",\"urlTemplate\":\"https:\\\/\\\/mypawness.com\\\/?s={search_term_string}\"},\"query-input\":{\"@type\":\"PropertyValueSpecification\",\"valueRequired\":true,\"valueName\":\"search_term_string\"}}],\"inLanguage\":\"pt-PT\"},{\"@type\":\"Organization\",\"@id\":\"https:\\\/\\\/mypawness.com\\\/#organization\",\"name\":\"Pawness\",\"url\":\"https:\\\/\\\/mypawness.com\\\/\",\"logo\":{\"@type\":\"ImageObject\",\"inLanguage\":\"pt-PT\",\"@id\":\"https:\\\/\\\/mypawness.com\\\/#\\\/schema\\\/logo\\\/image\\\/\",\"url\":\"https:\\\/\\\/mypawness.com\\\/wp-content\\\/uploads\\\/2025\\\/12\\\/pawness_logo.png\",\"contentUrl\":\"https:\\\/\\\/mypawness.com\\\/wp-content\\\/uploads\\\/2025\\\/12\\\/pawness_logo.png\",\"width\":351,\"height\":178,\"caption\":\"Pawness\"},\"image\":{\"@id\":\"https:\\\/\\\/mypawness.com\\\/#\\\/schema\\\/logo\\\/image\\\/\"},\"sameAs\":[\"https:\\\/\\\/www.instagram.com\\\/mypawness\"]}]}<\/script>\n<!-- \/ Yoast SEO plugin. -->","yoast_head_json":{"title":"Gastos de env\u00edo - My Pawness","robots":{"index":"noindex","follow":"nofollow"},"og_locale":"pt_PT","og_type":"article","og_title":"Gastos de env\u00edo - My Pawness","og_description":"En MyPawness queremos que lo tengas f\u00e1cil: el env\u00edo est\u00e1 incluido, as\u00ed que no tendr\u00e1s cargos extra por transporte al","og_url":"https:\/\/mypawness.com\/pt\/gastos-de-envio\/","og_site_name":"My Pawness","article_publisher":"https:\/\/www.instagram.com\/mypawness","article_modified_time":"2026-03-05T17:59:11+00:00","og_image":[{"width":1024,"height":1316,"url":"https:\/\/mypawness.com\/wp-content\/uploads\/2026\/01\/caja_pawness_cerrada_regalo_caja-regalo.jpg","type":"image\/jpeg"}],"twitter_card":"summary_large_image","twitter_misc":{"Tempo estimado de leitura":"1 minuto"},"schema":{"@context":"https:\/\/schema.org","@graph":[{"@type":"WebPage","@id":"https:\/\/mypawness.com\/gastos-de-envio\/","url":"https:\/\/mypawness.com\/gastos-de-envio\/","name":"Gastos de env\u00edo - My Pawness","isPartOf":{"@id":"https:\/\/mypawness.com\/#website"},"datePublished":"2026-03-05T17:48:28+00:00","dateModified":"2026-03-05T17:59:11+00:00","breadcrumb":{"@id":"https:\/\/mypawness.com\/gastos-de-envio\/#breadcrumb"},"inLanguage":"pt-PT","potentialAction":[{"@type":"ReadAction","target":["https:\/\/mypawness.com\/gastos-de-envio\/"]}]},{"@type":"BreadcrumbList","@id":"https:\/\/mypawness.com\/gastos-de-envio\/#breadcrumb","itemListElement":[{"@type":"ListItem","position":1,"name":"Portada","item":"https:\/\/mypawness.com\/"},{"@type":"ListItem","position":2,"name":"Gastos de env\u00edo"}]},{"@type":"WebSite","@id":"https:\/\/mypawness.com\/#website","url":"https:\/\/mypawness.com\/","name":"Pawness","description":"Para quienes disfrutan los peque\u00f1os momentos junto a su mascota.","publisher":{"@id":"https:\/\/mypawness.com\/#organization"},"potentialAction":[{"@type":"SearchAction","target":{"@type":"EntryPoint","urlTemplate":"https:\/\/mypawness.com\/?s={search_term_string}"},"query-input":{"@type":"PropertyValueSpecification","valueRequired":true,"valueName":"search_term_string"}}],"inLanguage":"pt-PT"},{"@type":"Organization","@id":"https:\/\/mypawness.com\/#organization","name":"Pawness","url":"https:\/\/mypawness.com\/","logo":{"@type":"ImageObject","inLanguage":"pt-PT","@id":"https:\/\/mypawness.com\/#\/schema\/logo\/image\/","url":"https:\/\/mypawness.com\/wp-content\/uploads\/2025\/12\/pawness_logo.png","contentUrl":"https:\/\/mypawness.com\/wp-content\/uploads\/2025\/12\/pawness_logo.png","width":351,"height":178,"caption":"Pawness"},"image":{"@id":"https:\/\/mypawness.com\/#\/schema\/logo\/image\/"},"sameAs":["https:\/\/www.instagram.com\/mypawness"]}]}},"jetpack_sharing_enabled":true,"_links":{"self":[{"href":"https:\/\/mypawness.com\/pt\/wp-json\/wp\/v2\/pages\/30265","targetHints":{"allow":["GET"]}}],"collection":[{"href":"https:\/\/mypawness.com\/pt\/wp-json\/wp\/v2\/pages"}],"about":[{"href":"https:\/\/mypawness.com\/pt\/wp-json\/wp\/v2\/types\/page"}],"author":[{"embeddable":true,"href":"https:\/\/mypawness.com\/pt\/wp-json\/wp\/v2\/users\/1"}],"replies":[{"embeddable":true,"href":"https:\/\/mypawness.com\/pt\/wp-json\/wp\/v2\/comments?post=30265"}],"version-history":[{"count":7,"href":"https:\/\/mypawness.com\/pt\/wp-json\/wp\/v2\/pages\/30265\/revisions"}],"predecessor-version":[{"id":30273,"href":"https:\/\/mypawness.com\/pt\/wp-json\/wp\/v2\/pages\/30265\/revisions\/30273"}],"wp:attachment":[{"href":"https:\/\/mypawness.com\/pt\/wp-json\/wp\/v2\/media?parent=30265"}],"curies":[{"name":"wp","href":"https:\/\/api.w.org\/{rel}","templated":true}]}}