{"id":3,"date":"2025-10-17T12:41:08","date_gmt":"2025-10-17T12:41:08","guid":{"rendered":"https:\/\/mypawness.com\/?page_id=3"},"modified":"2026-02-07T20:00:02","modified_gmt":"2026-02-07T20:00:02","slug":"politica-de-privacidad","status":"publish","type":"page","link":"https:\/\/mypawness.com\/pt\/politica-de-privacidad\/","title":{"rendered":"Pol\u00edtica de privacidad"},"content":{"rendered":"<div data-elementor-type=\"wp-page\" data-elementor-id=\"3\" class=\"elementor elementor-3\">\n\t\t\t\t<div class=\"wd-negative-gap elementor-element elementor-element-763f7c9 e-flex e-con-boxed e-con e-parent\" data-id=\"763f7c9\" data-element_type=\"container\" data-e-type=\"container\">\n\t\t\t\t\t<div class=\"e-con-inner\">\n\t\t\t\t\t<\/div>\n\t\t\t\t<\/div>\n\t\t<div class=\"wd-negative-gap elementor-element elementor-element-9555f42 e-flex e-con-boxed e-con e-parent\" data-id=\"9555f42\" data-element_type=\"container\" data-e-type=\"container\">\n\t\t\t\t\t<div class=\"e-con-inner\">\n\t\t\t\t<div class=\"elementor-element elementor-element-4e7b9f1 elementor-widget elementor-widget-wd_text_block\" data-id=\"4e7b9f1\" data-element_type=\"widget\" data-e-type=\"widget\" data-widget_type=\"wd_text_block.default\">\n\t\t\t\t<div class=\"elementor-widget-container\">\n\t\t\t\t\t\t\t<div class=\"wd-text-block reset-last-child text-left color-scheme-dark\">\n\t\t\t\n\t\t\t<h1 data-start=\"140\" data-end=\"178\">\ud83d\udc3e Pol\u00edtica de Privacidad \u2014 Pawnness<\/h1>\n<p data-start=\"180\" data-end=\"225\"><strong data-start=\"180\" data-end=\"205\">\u00daltima actualizaci\u00f3n:<\/strong> noviembre de 2025<\/p>\n<p data-start=\"227\" data-end=\"424\">En <strong data-start=\"230\" data-end=\"242\">Pawnness<\/strong> respetamos tu privacidad y nos comprometemos a proteger tus datos personales. En esta pol\u00edtica te explicamos c\u00f3mo los recogemos, usamos y cuidamos, as\u00ed como los derechos que tienes.<\/p>\n<hr data-start=\"426\" data-end=\"429\" \/>\n<h3 data-start=\"431\" data-end=\"462\">Responsable del tratamiento<\/h3>\n<p data-start=\"463\" data-end=\"741\"><strong data-start=\"463\" data-end=\"479\">Responsable:<\/strong> \ud83d\udd38 MyPawness.com<br data-start=\"618\" data-end=\"621\" \/><strong data-start=\"621\" data-end=\"656\">Correo electr\u00f3nico de contacto:<\/strong> \ud83d\udd38 <em data-start=\"660\" data-end=\"679\"><a class=\"decorated-link cursor-pointer\" rel=\"noopener\" data-start=\"661\" data-end=\"678\">info@mypawnness.com<\/a><\/em><br data-start=\"679\" data-end=\"682\" \/><strong data-start=\"682\" data-end=\"696\">Sitio web:<\/strong> <a class=\"decorated-link cursor-pointer\" target=\"_new\" rel=\"noopener\" data-start=\"697\" data-end=\"741\">https:\/\/mypawnness.com<\/a><\/p>\n<hr data-start=\"743\" data-end=\"746\" \/>\n<h3 data-start=\"748\" data-end=\"771\">Datos que recogemos<\/h3>\n<p data-start=\"772\" data-end=\"849\">Recogemos los datos personales que nos facilitas voluntariamente a trav\u00e9s de:<\/p>\n<ul data-start=\"851\" data-end=\"1068\">\n<li data-start=\"851\" data-end=\"947\">\n<p data-start=\"853\" data-end=\"947\">Formularios de suscripci\u00f3n o contacto<\/p>\n<\/li>\n<li data-start=\"851\" data-end=\"947\">\n<p data-start=\"853\" data-end=\"947\">Cookies o tecnolog\u00edas similares cuando navegas por nuestra web.<\/p>\n<\/li>\n<\/ul>\n<p data-start=\"1070\" data-end=\"1140\">No pedimos m\u00e1s informaci\u00f3n de la necesaria para prestarte el servicio.<\/p>\n<hr data-start=\"1142\" data-end=\"1145\" \/>\n<h3 data-start=\"1147\" data-end=\"1178\">Finalidades del tratamiento<\/h3>\n<p data-start=\"1179\" data-end=\"1201\">Usamos tus datos para:<\/p>\n<ul data-start=\"1203\" data-end=\"1443\">\n<li data-start=\"1203\" data-end=\"1271\">\n<p data-start=\"1205\" data-end=\"1271\">Gestionar tu suscripci\u00f3n a nuestra newsletter o lista de espera.<\/p>\n<\/li>\n<li data-start=\"1272\" data-end=\"1354\">\n<p data-start=\"1274\" data-end=\"1354\">Enviarte comunicaciones informativas, novedades y promociones de <strong data-start=\"1339\" data-end=\"1351\">Pawnness<\/strong>.<\/p>\n<\/li>\n<li data-start=\"1355\" data-end=\"1395\">\n<p data-start=\"1357\" data-end=\"1395\">Atender tus consultas o solicitudes.<\/p>\n<\/li>\n<li data-start=\"1396\" data-end=\"1443\">\n<p data-start=\"1398\" data-end=\"1443\">Cumplir obligaciones legales o contractuales.<\/p>\n<\/li>\n<\/ul>\n<hr data-start=\"1445\" data-end=\"1448\" \/>\n<h3 data-start=\"1450\" data-end=\"1466\">Legitimaci\u00f3n<\/h3>\n<p data-start=\"1467\" data-end=\"1506\">El tratamiento de tus datos se basa en:<\/p>\n<ul data-start=\"1508\" data-end=\"1684\">\n<li data-start=\"1508\" data-end=\"1591\">\n<p data-start=\"1510\" data-end=\"1591\"><strong data-start=\"1510\" data-end=\"1531\">Tu consentimiento<\/strong> al rellenar nuestros formularios y aceptar esta pol\u00edtica.<\/p>\n<\/li>\n<li data-start=\"1592\" data-end=\"1684\">\n<p data-start=\"1594\" data-end=\"1684\"><strong data-start=\"1594\" data-end=\"1634\">Cumplimiento de obligaciones legales<\/strong>, en caso de realizar transacciones o facturaci\u00f3n.<\/p>\n<\/li>\n<\/ul>\n<p data-start=\"1686\" data-end=\"1776\">Podr\u00e1s retirar tu consentimiento en cualquier momento escribiendo a <strong data-start=\"1754\" data-end=\"1775\"><a class=\"decorated-link cursor-pointer\" rel=\"noopener\" data-start=\"1756\" data-end=\"1773\">info@mypawnness.com<\/a><\/strong>.<\/p>\n<hr data-start=\"1778\" data-end=\"1781\" \/>\n<h3 data-start=\"1783\" data-end=\"1812\">Conservaci\u00f3n de los datos<\/h3>\n<p data-start=\"1813\" data-end=\"2023\">Tus datos se conservar\u00e1n mientras mantengas tu relaci\u00f3n con nosotros o hasta que solicites su supresi\u00f3n.<br data-start=\"1917\" data-end=\"1920\" \/>Posteriormente, podr\u00e1n mantenerse bloqueados el tiempo necesario para cumplir con obligaciones legales.<\/p>\n<hr data-start=\"2025\" data-end=\"2028\" \/>\n<h3 data-start=\"2030\" data-end=\"2066\">Comunicaci\u00f3n de datos a terceros<\/h3>\n<p data-start=\"2067\" data-end=\"2319\">No cederemos tus datos a terceros, salvo por obligaci\u00f3n legal o cuando sea necesario para la prestaci\u00f3n de nuestros servicios (por ejemplo, proveedores de hosting o plataformas de email marketing que cumplan el RGPD, como Mailchimp, Brevo o similares).<\/p>\n<hr data-start=\"2321\" data-end=\"2324\" \/>\n<h3 data-start=\"2326\" data-end=\"2363\">Derechos de las personas usuarias<\/h3>\n<p data-start=\"2364\" data-end=\"2413\">Puedes ejercer tus derechos en cualquier momento:<\/p>\n<ul data-start=\"2415\" data-end=\"2683\">\n<li data-start=\"2415\" data-end=\"2456\">\n<p data-start=\"2417\" data-end=\"2456\"><strong data-start=\"2417\" data-end=\"2428\">Acceso:<\/strong> saber qu\u00e9 datos tratamos.<\/p>\n<\/li>\n<li data-start=\"2457\" data-end=\"2506\">\n<p data-start=\"2459\" data-end=\"2506\"><strong data-start=\"2459\" data-end=\"2477\">Rectificaci\u00f3n:<\/strong> modificar datos inexactos.<\/p>\n<\/li>\n<li data-start=\"2507\" data-end=\"2557\">\n<p data-start=\"2509\" data-end=\"2557\"><strong data-start=\"2509\" data-end=\"2523\">Supresi\u00f3n:<\/strong> pedir que eliminemos tus datos.<\/p>\n<\/li>\n<li data-start=\"2558\" data-end=\"2614\">\n<p data-start=\"2560\" data-end=\"2614\"><strong data-start=\"2560\" data-end=\"2574\">Oposici\u00f3n:<\/strong> negarte a un tratamiento determinado.<\/p>\n<\/li>\n<li data-start=\"2615\" data-end=\"2683\">\n<p data-start=\"2617\" data-end=\"2683\"><strong data-start=\"2617\" data-end=\"2646\">Limitaci\u00f3n y portabilidad<\/strong> en los casos legalmente previstos.<\/p>\n<\/li>\n<\/ul>\n<p data-start=\"2685\" data-end=\"2809\">Para ejercerlos, env\u00eda un correo a <strong data-start=\"2720\" data-end=\"2741\"><a class=\"decorated-link cursor-pointer\" rel=\"noopener\" data-start=\"2722\" data-end=\"2739\">info@mypawnness.com<\/a><\/strong> indicando el derecho que deseas ejercer y acreditando tu identidad.<\/p>\n<hr data-start=\"2965\" data-end=\"2968\" \/>\n<h3 data-start=\"2970\" data-end=\"2996\">Seguridad de los datos<\/h3>\n<p data-start=\"2997\" data-end=\"3165\">Aplicamos medidas t\u00e9cnicas y organizativas apropiadas para garantizar la confidencialidad e integridad de tus datos y evitar su p\u00e9rdida, mal uso o acceso no autorizado.<\/p>\n<hr data-start=\"3167\" data-end=\"3170\" \/>\n<h3 data-start=\"3172\" data-end=\"3195\">Pol\u00edtica de cookies<\/h3>\n<p data-start=\"3196\" data-end=\"3425\">Nuestra web utiliza cookies propias y de terceros para analizar la navegaci\u00f3n y mejorar la experiencia del usuario.<br data-start=\"3311\" data-end=\"3314\" \/>Puedes consultar los detalles en nuestra Pol\u00edtica de Cookies.<\/p>\n<hr data-start=\"3427\" data-end=\"3430\" \/>\n<h3 data-start=\"3432\" data-end=\"3454\">Enlaces a terceros<\/h3>\n<p data-start=\"3455\" data-end=\"3667\">Nuestra web puede incluir enlaces a otras p\u00e1ginas o servicios. No somos responsables de las pol\u00edticas de privacidad de dichos sitios externos.<br data-start=\"3597\" data-end=\"3600\" \/>Te recomendamos leerlas antes de facilitarles informaci\u00f3n personal.<\/p>\n<hr data-start=\"3669\" data-end=\"3672\" \/>\n<h3 data-start=\"3674\" data-end=\"3702\">Cambios en esta pol\u00edtica<\/h3>\n<p data-start=\"3703\" data-end=\"3924\">Nos reservamos el derecho de modificar esta pol\u00edtica para adaptarla a cambios legislativos o de funcionamiento de la web.<br data-start=\"3824\" data-end=\"3827\" \/>En caso de cambios significativos, te lo notificaremos por correo electr\u00f3nico o en la propia web.<\/p>\n<hr data-start=\"3926\" data-end=\"3929\" \/>\n<p data-start=\"3931\" data-end=\"4051\">\ud83d\udc8c <strong data-start=\"3934\" data-end=\"3970\">Gracias por confiar en Pawnness.<\/strong><br data-start=\"3970\" data-end=\"3973\" \/>Tu v\u00ednculo con tus compa\u00f1eros peludos es \u00fanico, y tu privacidad tambi\u00e9n lo es.<\/p>\n\n\t\t\t\t\t<\/div>\n\t\t\t\t\t\t<\/div>\n\t\t\t\t<\/div>\n\t\t\t\t\t<\/div>\n\t\t\t\t<\/div>\n\t\t\t\t<\/div>","protected":false},"excerpt":{"rendered":"<p>\ud83d\udc3e Pol\u00edtica de Privacidad \u2014 Pawnness \u00daltima actualizaci\u00f3n: noviembre de 2025 En Pawnness respetamos tu privacidad y nos comprometemos a<\/p>","protected":false},"author":1,"featured_media":0,"parent":0,"menu_order":0,"comment_status":"closed","ping_status":"closed","template":"elementor_canvas","meta":{"footnotes":""},"class_list":["post-3","page","type-page","status-publish","hentry"],"yoast_head":"<!-- This site is optimized with the Yoast SEO plugin v27.4 - https:\/\/yoast.com\/product\/yoast-seo-wordpress\/ -->\n<title>Pol\u00edtica de privacidad - My Pawness<\/title>\n<meta name=\"robots\" content=\"noindex, nofollow\" \/>\n<meta property=\"og:locale\" content=\"pt_PT\" \/>\n<meta property=\"og:type\" content=\"article\" \/>\n<meta property=\"og:title\" content=\"Pol\u00edtica de privacidad - My Pawness\" \/>\n<meta property=\"og:description\" content=\"\ud83d\udc3e Pol\u00edtica de Privacidad \u2014 Pawnness \u00daltima actualizaci\u00f3n: noviembre de 2025 En Pawnness respetamos tu privacidad y nos comprometemos a\" \/>\n<meta property=\"og:url\" content=\"https:\/\/mypawness.com\/pt\/politica-de-privacidad\/\" \/>\n<meta property=\"og:site_name\" content=\"My Pawness\" \/>\n<meta property=\"article:publisher\" content=\"https:\/\/www.instagram.com\/mypawness\" \/>\n<meta property=\"article:modified_time\" content=\"2026-02-07T20:00:02+00:00\" \/>\n<meta property=\"og:image\" content=\"https:\/\/mypawness.com\/wp-content\/uploads\/2026\/01\/caja_pawness_cerrada_regalo_caja-regalo.jpg\" \/>\n\t<meta property=\"og:image:width\" content=\"1024\" \/>\n\t<meta property=\"og:image:height\" content=\"1316\" \/>\n\t<meta property=\"og:image:type\" content=\"image\/jpeg\" \/>\n<meta name=\"twitter:card\" content=\"summary_large_image\" \/>\n<meta name=\"twitter:label1\" content=\"Tempo estimado de leitura\" \/>\n\t<meta name=\"twitter:data1\" content=\"3 minutos\" \/>\n<script type=\"application\/ld+json\" class=\"yoast-schema-graph\">{\"@context\":\"https:\\\/\\\/schema.org\",\"@graph\":[{\"@type\":\"WebPage\",\"@id\":\"https:\\\/\\\/mypawness.com\\\/politica-de-privacidad\\\/\",\"url\":\"https:\\\/\\\/mypawness.com\\\/politica-de-privacidad\\\/\",\"name\":\"Pol\u00edtica de privacidad - My Pawness\",\"isPartOf\":{\"@id\":\"https:\\\/\\\/mypawness.com\\\/#website\"},\"datePublished\":\"2025-10-17T12:41:08+00:00\",\"dateModified\":\"2026-02-07T20:00:02+00:00\",\"breadcrumb\":{\"@id\":\"https:\\\/\\\/mypawness.com\\\/politica-de-privacidad\\\/#breadcrumb\"},\"inLanguage\":\"pt-PT\",\"potentialAction\":[{\"@type\":\"ReadAction\",\"target\":[\"https:\\\/\\\/mypawness.com\\\/politica-de-privacidad\\\/\"]}]},{\"@type\":\"BreadcrumbList\",\"@id\":\"https:\\\/\\\/mypawness.com\\\/politica-de-privacidad\\\/#breadcrumb\",\"itemListElement\":[{\"@type\":\"ListItem\",\"position\":1,\"name\":\"Portada\",\"item\":\"https:\\\/\\\/mypawness.com\\\/\"},{\"@type\":\"ListItem\",\"position\":2,\"name\":\"Pol\u00edtica de privacidad\"}]},{\"@type\":\"WebSite\",\"@id\":\"https:\\\/\\\/mypawness.com\\\/#website\",\"url\":\"https:\\\/\\\/mypawness.com\\\/\",\"name\":\"Pawness\",\"description\":\"Para quienes disfrutan los peque\u00f1os momentos junto a su mascota.\",\"publisher\":{\"@id\":\"https:\\\/\\\/mypawness.com\\\/#organization\"},\"potentialAction\":[{\"@type\":\"SearchAction\",\"target\":{\"@type\":\"EntryPoint\",\"urlTemplate\":\"https:\\\/\\\/mypawness.com\\\/?s={search_term_string}\"},\"query-input\":{\"@type\":\"PropertyValueSpecification\",\"valueRequired\":true,\"valueName\":\"search_term_string\"}}],\"inLanguage\":\"pt-PT\"},{\"@type\":\"Organization\",\"@id\":\"https:\\\/\\\/mypawness.com\\\/#organization\",\"name\":\"Pawness\",\"url\":\"https:\\\/\\\/mypawness.com\\\/\",\"logo\":{\"@type\":\"ImageObject\",\"inLanguage\":\"pt-PT\",\"@id\":\"https:\\\/\\\/mypawness.com\\\/#\\\/schema\\\/logo\\\/image\\\/\",\"url\":\"https:\\\/\\\/mypawness.com\\\/wp-content\\\/uploads\\\/2025\\\/12\\\/pawness_logo.png\",\"contentUrl\":\"https:\\\/\\\/mypawness.com\\\/wp-content\\\/uploads\\\/2025\\\/12\\\/pawness_logo.png\",\"width\":351,\"height\":178,\"caption\":\"Pawness\"},\"image\":{\"@id\":\"https:\\\/\\\/mypawness.com\\\/#\\\/schema\\\/logo\\\/image\\\/\"},\"sameAs\":[\"https:\\\/\\\/www.instagram.com\\\/mypawness\"]}]}<\/script>\n<!-- \/ Yoast SEO plugin. -->","yoast_head_json":{"title":"Pol\u00edtica de privacidad - My Pawness","robots":{"index":"noindex","follow":"nofollow"},"og_locale":"pt_PT","og_type":"article","og_title":"Pol\u00edtica de privacidad - My Pawness","og_description":"\ud83d\udc3e Pol\u00edtica de Privacidad \u2014 Pawnness \u00daltima actualizaci\u00f3n: noviembre de 2025 En Pawnness respetamos tu privacidad y nos comprometemos a","og_url":"https:\/\/mypawness.com\/pt\/politica-de-privacidad\/","og_site_name":"My Pawness","article_publisher":"https:\/\/www.instagram.com\/mypawness","article_modified_time":"2026-02-07T20:00:02+00:00","og_image":[{"width":1024,"height":1316,"url":"https:\/\/mypawness.com\/wp-content\/uploads\/2026\/01\/caja_pawness_cerrada_regalo_caja-regalo.jpg","type":"image\/jpeg"}],"twitter_card":"summary_large_image","twitter_misc":{"Tempo estimado de leitura":"3 minutos"},"schema":{"@context":"https:\/\/schema.org","@graph":[{"@type":"WebPage","@id":"https:\/\/mypawness.com\/politica-de-privacidad\/","url":"https:\/\/mypawness.com\/politica-de-privacidad\/","name":"Pol\u00edtica de privacidad - My Pawness","isPartOf":{"@id":"https:\/\/mypawness.com\/#website"},"datePublished":"2025-10-17T12:41:08+00:00","dateModified":"2026-02-07T20:00:02+00:00","breadcrumb":{"@id":"https:\/\/mypawness.com\/politica-de-privacidad\/#breadcrumb"},"inLanguage":"pt-PT","potentialAction":[{"@type":"ReadAction","target":["https:\/\/mypawness.com\/politica-de-privacidad\/"]}]},{"@type":"BreadcrumbList","@id":"https:\/\/mypawness.com\/politica-de-privacidad\/#breadcrumb","itemListElement":[{"@type":"ListItem","position":1,"name":"Portada","item":"https:\/\/mypawness.com\/"},{"@type":"ListItem","position":2,"name":"Pol\u00edtica de privacidad"}]},{"@type":"WebSite","@id":"https:\/\/mypawness.com\/#website","url":"https:\/\/mypawness.com\/","name":"Pawness","description":"Para quienes disfrutan los peque\u00f1os momentos junto a su mascota.","publisher":{"@id":"https:\/\/mypawness.com\/#organization"},"potentialAction":[{"@type":"SearchAction","target":{"@type":"EntryPoint","urlTemplate":"https:\/\/mypawness.com\/?s={search_term_string}"},"query-input":{"@type":"PropertyValueSpecification","valueRequired":true,"valueName":"search_term_string"}}],"inLanguage":"pt-PT"},{"@type":"Organization","@id":"https:\/\/mypawness.com\/#organization","name":"Pawness","url":"https:\/\/mypawness.com\/","logo":{"@type":"ImageObject","inLanguage":"pt-PT","@id":"https:\/\/mypawness.com\/#\/schema\/logo\/image\/","url":"https:\/\/mypawness.com\/wp-content\/uploads\/2025\/12\/pawness_logo.png","contentUrl":"https:\/\/mypawness.com\/wp-content\/uploads\/2025\/12\/pawness_logo.png","width":351,"height":178,"caption":"Pawness"},"image":{"@id":"https:\/\/mypawness.com\/#\/schema\/logo\/image\/"},"sameAs":["https:\/\/www.instagram.com\/mypawness"]}]}},"jetpack_sharing_enabled":true,"_links":{"self":[{"href":"https:\/\/mypawness.com\/pt\/wp-json\/wp\/v2\/pages\/3","targetHints":{"allow":["GET"]}}],"collection":[{"href":"https:\/\/mypawness.com\/pt\/wp-json\/wp\/v2\/pages"}],"about":[{"href":"https:\/\/mypawness.com\/pt\/wp-json\/wp\/v2\/types\/page"}],"author":[{"embeddable":true,"href":"https:\/\/mypawness.com\/pt\/wp-json\/wp\/v2\/users\/1"}],"replies":[{"embeddable":true,"href":"https:\/\/mypawness.com\/pt\/wp-json\/wp\/v2\/comments?post=3"}],"version-history":[{"count":8,"href":"https:\/\/mypawness.com\/pt\/wp-json\/wp\/v2\/pages\/3\/revisions"}],"predecessor-version":[{"id":29199,"href":"https:\/\/mypawness.com\/pt\/wp-json\/wp\/v2\/pages\/3\/revisions\/29199"}],"wp:attachment":[{"href":"https:\/\/mypawness.com\/pt\/wp-json\/wp\/v2\/media?parent=3"}],"curies":[{"name":"wp","href":"https:\/\/api.w.org\/{rel}","templated":true}]}}